{"id":3992,"date":"2020-01-09T15:29:53","date_gmt":"2020-01-09T15:29:53","guid":{"rendered":"http:\/\/canpipa.com\/?page_id=3992"},"modified":"2020-01-10T15:53:57","modified_gmt":"2020-01-10T15:53:57","slug":"cs-arids-2-2","status":"publish","type":"page","link":"https:\/\/www.canpipa.com\/es\/cs-arids-2-2\/","title":{"rendered":"CF &#8211; \u00c1ridos"},"content":{"rendered":"<div class=\"fusion-fullwidth fullwidth-box fusion-builder-row-1 mass-responsive-section nonhundred-percent-fullwidth non-hundred-percent-height-scrolling\" style=\"background-color: rgba(255,255,255,0);background-position: left top;background-repeat: no-repeat;padding-top:3%;padding-right:0px;padding-bottom:0px;padding-left:0px;margin-bottom: 0px;margin-top: 0px;border-width: 0px 0px 0px 0px;border-color:#eae9e9;border-style:solid;\" id=\"section1\" ><div class=\"fusion-builder-row fusion-row\"><div class=\"fusion-layout-column fusion_builder_column fusion-builder-column-0 fusion_builder_column_1_1 1_1 fusion-one-full fusion-column-first fusion-column-last mass-intro\" style=\"margin-top:42px;margin-bottom:20px;\"><div class=\"fusion-column-wrapper fusion-flex-column-wrapper-legacy\" style=\"background-position:left top;background-repeat:no-repeat;-webkit-background-size:cover;-moz-background-size:cover;-o-background-size:cover;background-size:cover;padding: 0px 15% 0px 15%;\"><div class=\"fusion-text fusion-text-1\"><h2 style=\"text-align: center;\">PR\u00d3XIMAMENTE<\/h2>\n<h3 style=\"text-align: center;\">&#8230;<\/h3>\n<h3 style=\"text-align: center;\">MATERIALES DISPONIBLES<\/h3>\n<\/div><div class=\"fusion-clearfix\"><\/div><\/div><\/div><div class=\"fusion-layout-column fusion_builder_column fusion-builder-column-1 fusion_builder_column_1_1 1_1 fusion-one-full fusion-column-first fusion-column-last\" style=\"margin-top:0px;margin-bottom:0px;\"><div class=\"fusion-column-wrapper fusion-flex-column-wrapper-legacy\" style=\"background-position:left top;background-repeat:no-repeat;-webkit-background-size:cover;-moz-background-size:cover;-o-background-size:cover;background-size:cover;padding: 0px 0px 0px 0px;\"><div class=\"fusion-tabs fusion-tabs-1 clean vertical-tabs icon-position-left mobile-mode-accordion\"><style type=\"text\/css\">#wrapper .fusion-tabs.fusion-tabs-1.clean .nav-tabs li a.tab-link{border-color:rgba(245,245,245,0);}.fusion-tabs.fusion-tabs-1 .nav-tabs li a.tab-link{background-color:#f5f5f5;}.fusion-tabs.fusion-tabs-1 .nav-tabs li.active a.tab-link,.fusion-tabs.fusion-tabs-1 .nav-tabs li.active a.tab-link:hover,.fusion-tabs.fusion-tabs-1 .nav-tabs li.active a.tab-link:focus{background-color:#fed03d;}.fusion-tabs.fusion-tabs-1 .nav-tabs li a:hover{background-color:#fed03d;border-top-color:#fed03d;}.fusion-tabs.fusion-tabs-1 .tab-pane{background-color:#fed03d;}.fusion-tabs.fusion-tabs-1 .nav,.fusion-tabs.fusion-tabs-1 .nav-tabs,.fusion-tabs.fusion-tabs-1 .tab-content .tab-pane{border-color:rgba(245,245,245,0);}<\/style><div class=\"nav\"><ul class=\"nav-tabs\" role=\"tablist\"><li class=\"active\" role=\"presentation\"><a class=\"tab-link\" data-toggle=\"tab\" role=\"tab\" aria-controls=\"tab-49a6f8cce987594c69a\" aria-selected=\"true\" id=\"fusion-tab-\u00c1ridos\" href=\"#tab-49a6f8cce987594c69a\"><h4 class=\"fusion-tab-heading\">\u00c1RIDOS <\/h4><\/a><\/li><li role=\"presentation\"><a class=\"tab-link\" data-toggle=\"tab\" role=\"tab\" aria-controls=\"tab-675c9ec3ffc0e5ef72a\" aria-selected=\"false\" tabindex=\"-1\" id=\"fusion-tab-arenas\" href=\"#tab-675c9ec3ffc0e5ef72a\"><h4 class=\"fusion-tab-heading\">ARENAS<\/h4><\/a><\/li><li role=\"presentation\"><a class=\"tab-link\" data-toggle=\"tab\" role=\"tab\" aria-controls=\"tab-2b3cd856a8bdf19e219\" aria-selected=\"false\" tabindex=\"-1\" id=\"fusion-tab-tierravegetal\" href=\"#tab-2b3cd856a8bdf19e219\"><h4 class=\"fusion-tab-heading\">TIERRA VEGETAL<\/h4><\/a><\/li><li role=\"presentation\"><a class=\"tab-link\" data-toggle=\"tab\" role=\"tab\" aria-controls=\"tab-7ecd6d59dd753d79e13\" aria-selected=\"false\" tabindex=\"-1\" id=\"fusion-tab-saul\u00d3\" href=\"#tab-7ecd6d59dd753d79e13\"><h4 class=\"fusion-tab-heading\">SAUL\u00d3<\/h4><\/a><\/li><li role=\"presentation\"><a class=\"tab-link\" data-toggle=\"tab\" role=\"tab\" aria-controls=\"tab-f8941287f309c005187\" aria-selected=\"false\" tabindex=\"-1\" id=\"fusion-tab-tierrasadobadas\" href=\"#tab-f8941287f309c005187\"><h4 class=\"fusion-tab-heading\">TIERRAS ADOBADAS<\/h4><\/a><\/li><\/ul><\/div><div class=\"tab-content\"><div class=\"nav fusion-mobile-tab-nav\"><ul class=\"nav-tabs\" role=\"tablist\"><li class=\"active\" role=\"presentation\"><a class=\"tab-link\" data-toggle=\"tab\" role=\"tab\" aria-controls=\"tab-49a6f8cce987594c69a\" aria-selected=\"true\" id=\"mobile-fusion-tab-\u00c1ridos\" href=\"#tab-49a6f8cce987594c69a\"><h4 class=\"fusion-tab-heading\">\u00c1RIDOS <\/h4><\/a><\/li><\/ul><\/div><div class=\"tab-pane fade fusion-clearfix in active\" role=\"tabpanel\" tabindex=\"0\" aria-labelledby=\"fusion-tab-\u00c1ridos\" id=\"tab-49a6f8cce987594c69a\">\n<div class=\"fusion-builder-row fusion-builder-row-inner fusion-row\"><\/div><div class=\"fusion-layout-column fusion_builder_column_inner fusion-builder-nested-column-0 fusion_builder_column_inner_2_5 2_5 fusion-two-fifth fusion-column-first\" style=\"width:40%;width:calc(40% - ( ( 4% ) * 0.4 ) );margin-right: 4%;margin-top:0px;margin-bottom:0px;\"><div class=\"fusion-column-wrapper fusion-flex-column-wrapper-legacy\" style=\"background-position:left top;background-repeat:no-repeat;-webkit-background-size:cover;-moz-background-size:cover;-o-background-size:cover;background-size:cover;padding: 0px 0px 0px 0px;\">\n<span class=\" fusion-imageframe imageframe-none imageframe-1 hover-type-none\"><img decoding=\"async\" width=\"800\" height=\"700\" title=\"12_LES_SERRES_RETXAS_2\" src=\"http:\/\/canpipa.com\/wp-content\/uploads\/2017\/07\/12_LES_SERRES_RETXAS_2.jpg\" alt class=\"img-responsive wp-image-4839\" srcset=\"https:\/\/www.canpipa.com\/wp-content\/uploads\/2017\/07\/12_LES_SERRES_RETXAS_2-200x175.jpg 200w, https:\/\/www.canpipa.com\/wp-content\/uploads\/2017\/07\/12_LES_SERRES_RETXAS_2-400x350.jpg 400w, https:\/\/www.canpipa.com\/wp-content\/uploads\/2017\/07\/12_LES_SERRES_RETXAS_2-600x525.jpg 600w, https:\/\/www.canpipa.com\/wp-content\/uploads\/2017\/07\/12_LES_SERRES_RETXAS_2.jpg 800w\" sizes=\"(max-width: 800px) 100vw, 600px\" \/><\/span>\n<div class=\"fusion-sep-clear\"><\/div><div class=\"fusion-separator fusion-full-width-sep\" style=\"margin-left: auto;margin-right: auto;margin-bottom:20px;width:100%;\"><\/div><div class=\"fusion-sep-clear\"><\/div>\n<div class=\"fusion-clearfix\"><\/div><\/div><\/div><div class=\"fusion-layout-column fusion_builder_column_inner fusion-builder-nested-column-1 fusion_builder_column_inner_3_5 3_5 fusion-three-fifth fusion-column-last\" style=\"width:60%;width:calc(60% - ( ( 4% ) * 0.6 ) );margin-top:0px;margin-bottom:0px;\"><div class=\"fusion-column-wrapper fusion-flex-column-wrapper-legacy\" style=\"background-position:left top;background-repeat:no-repeat;-webkit-background-size:cover;-moz-background-size:cover;-o-background-size:cover;background-size:cover;padding: 0px 0px 0px 0px;\"><div class=\"fusion-clearfix\"><\/div><\/div><\/div>\n<style type=\"text\/css\"><\/style><div class=\"fusion-title title fusion-title-1 fusion-sep-none fusion-title-text fusion-title-size-three\" style=\"margin-top:0px;margin-right:0px;margin-bottom:10px;margin-left:0px;\"><h3 class=\"title-heading-left fusion-responsive-typography-calculated\" style=\"margin:0;--fontSize:20;line-height:1.45;\"><strong>SUBBASE DE SEGUNDAS<\/strong><\/h3><\/div><div class=\"fusion-text fusion-text-2\"><p>\u2022 Petrograf\u00eda:\u00a0caliza<br \/>\n\u2022 Granulometr\u00eda:\u00a00\/20 mm<br \/>\n\u2022 Presentaci\u00f3n: a granel<br \/>\n\u2022 Usos:\u00a0suelos seleccionados<\/p>\n<\/div>\n<\/div><div class=\"nav fusion-mobile-tab-nav\"><ul class=\"nav-tabs\" role=\"tablist\"><li role=\"presentation\"><a class=\"tab-link\" data-toggle=\"tab\" role=\"tab\" aria-controls=\"tab-675c9ec3ffc0e5ef72a\" aria-selected=\"false\" tabindex=\"-1\" id=\"mobile-fusion-tab-arenas\" href=\"#tab-675c9ec3ffc0e5ef72a\"><h4 class=\"fusion-tab-heading\">ARENAS<\/h4><\/a><\/li><\/ul><\/div><div class=\"tab-pane fade fusion-clearfix\" role=\"tabpanel\" tabindex=\"0\" aria-labelledby=\"fusion-tab-arenas\" id=\"tab-675c9ec3ffc0e5ef72a\">\n<div class=\"fusion-builder-row fusion-builder-row-inner fusion-row\"><div class=\"fusion-layout-column fusion_builder_column_inner fusion-builder-nested-column-2 fusion_builder_column_inner_2_5 2_5 fusion-two-fifth fusion-column-first\" style=\"width:40%;width:calc(40% - ( ( 4% ) * 0.4 ) );margin-right: 4%;margin-top:0px;margin-bottom:0px;\"><div class=\"fusion-column-wrapper fusion-flex-column-wrapper-legacy\" style=\"background-position:left top;background-repeat:no-repeat;-webkit-background-size:cover;-moz-background-size:cover;-o-background-size:cover;background-size:cover;padding: 0px 0px 0px 0px;\">\n<span class=\" fusion-imageframe imageframe-none imageframe-2 hover-type-none\"><img decoding=\"async\" width=\"800\" height=\"700\" title=\"01_FARINERA_SAULO-CRIVAT-NORMAL_2\" src=\"http:\/\/canpipa.com\/wp-content\/uploads\/2017\/07\/01_FARINERA_SAULO-CRIVAT-NORMAL_2.jpg\" alt class=\"img-responsive wp-image-4828\" srcset=\"https:\/\/www.canpipa.com\/wp-content\/uploads\/2017\/07\/01_FARINERA_SAULO-CRIVAT-NORMAL_2-200x175.jpg 200w, https:\/\/www.canpipa.com\/wp-content\/uploads\/2017\/07\/01_FARINERA_SAULO-CRIVAT-NORMAL_2-400x350.jpg 400w, https:\/\/www.canpipa.com\/wp-content\/uploads\/2017\/07\/01_FARINERA_SAULO-CRIVAT-NORMAL_2-600x525.jpg 600w, https:\/\/www.canpipa.com\/wp-content\/uploads\/2017\/07\/01_FARINERA_SAULO-CRIVAT-NORMAL_2.jpg 800w\" sizes=\"(max-width: 800px) 100vw, 600px\" \/><\/span>\n<div class=\"fusion-sep-clear\"><\/div><div class=\"fusion-separator fusion-full-width-sep\" style=\"margin-left: auto;margin-right: auto;margin-bottom:20px;width:100%;\"><\/div><div class=\"fusion-sep-clear\"><\/div>\n<div class=\"fusion-clearfix\"><\/div><\/div><\/div><div class=\"fusion-layout-column fusion_builder_column_inner fusion-builder-nested-column-3 fusion_builder_column_inner_3_5 3_5 fusion-three-fifth fusion-column-last\" style=\"width:60%;width:calc(60% - ( ( 4% ) * 0.6 ) );margin-top:0px;margin-bottom:0px;\"><div class=\"fusion-column-wrapper fusion-flex-column-wrapper-legacy\" style=\"background-position:left top;background-repeat:no-repeat;-webkit-background-size:cover;-moz-background-size:cover;-o-background-size:cover;background-size:cover;padding: 0px 0px 0px 0px;\">\n<style type=\"text\/css\"><\/style><div class=\"fusion-title title fusion-title-2 fusion-sep-none fusion-title-text fusion-title-size-three\" style=\"margin-top:0px;margin-right:0px;margin-bottom:10px;margin-left:0px;\"><h3 class=\"title-heading-left fusion-responsive-typography-calculated\" style=\"margin:0;--fontSize:20;line-height:1.45;\"><strong>ARENISCA\u00a0CRIBADA<\/strong><\/h3><\/div><div class=\"fusion-text fusion-text-3\"><p>\u2022 Petrograf\u00eda: gran\u00edtica<br \/>\n\u2022 Granulometr\u00eda: 0\/5 mm\u00a0y 0\/10 mm<br \/>\n\u2022 Presentaci\u00f3n: a granel<br \/>\n\u2022 Usos: jardiner\u00eda, carriles bici, caminos, canalizaciones.<\/p>\n<\/div>\n<div class=\"fusion-clearfix\"><\/div><\/div><\/div><\/div>\n<\/div><div class=\"nav fusion-mobile-tab-nav\"><ul class=\"nav-tabs\" role=\"tablist\"><li role=\"presentation\"><a class=\"tab-link\" data-toggle=\"tab\" role=\"tab\" aria-controls=\"tab-2b3cd856a8bdf19e219\" aria-selected=\"false\" tabindex=\"-1\" id=\"mobile-fusion-tab-tierravegetal\" href=\"#tab-2b3cd856a8bdf19e219\"><h4 class=\"fusion-tab-heading\">TIERRA VEGETAL<\/h4><\/a><\/li><\/ul><\/div><div class=\"tab-pane fade fusion-clearfix\" role=\"tabpanel\" tabindex=\"0\" aria-labelledby=\"fusion-tab-tierravegetal\" id=\"tab-2b3cd856a8bdf19e219\">\n<div class=\"fusion-builder-row fusion-builder-row-inner fusion-row\"><\/div><div class=\"fusion-layout-column fusion_builder_column_inner fusion-builder-nested-column-4 fusion_builder_column_inner_2_5 2_5 fusion-two-fifth fusion-column-first\" style=\"width:40%;width:calc(40% - ( ( 4% ) * 0.4 ) );margin-right: 4%;margin-top:0px;margin-bottom:0px;\"><div class=\"fusion-column-wrapper fusion-flex-column-wrapper-legacy\" style=\"background-position:left top;background-repeat:no-repeat;-webkit-background-size:cover;-moz-background-size:cover;-o-background-size:cover;background-size:cover;padding: 0px 0px 0px 0px;\">\n<span class=\" fusion-imageframe imageframe-none imageframe-3 hover-type-none\"><img decoding=\"async\" width=\"800\" height=\"700\" title=\"03_FARINERA_SAULO_925_1\" src=\"http:\/\/canpipa.com\/wp-content\/uploads\/2017\/07\/03_FARINERA_SAULO_925_1.jpg\" alt class=\"img-responsive wp-image-4831\" srcset=\"https:\/\/www.canpipa.com\/wp-content\/uploads\/2017\/07\/03_FARINERA_SAULO_925_1-200x175.jpg 200w, https:\/\/www.canpipa.com\/wp-content\/uploads\/2017\/07\/03_FARINERA_SAULO_925_1-400x350.jpg 400w, https:\/\/www.canpipa.com\/wp-content\/uploads\/2017\/07\/03_FARINERA_SAULO_925_1-600x525.jpg 600w, https:\/\/www.canpipa.com\/wp-content\/uploads\/2017\/07\/03_FARINERA_SAULO_925_1.jpg 800w\" sizes=\"(max-width: 800px) 100vw, 600px\" \/><\/span>\n<div class=\"fusion-sep-clear\"><\/div><div class=\"fusion-separator fusion-full-width-sep\" style=\"margin-left: auto;margin-right: auto;margin-bottom:20px;width:100%;\"><\/div><div class=\"fusion-sep-clear\"><\/div>\n<div class=\"fusion-clearfix\"><\/div><\/div><\/div><div class=\"fusion-layout-column fusion_builder_column_inner fusion-builder-nested-column-5 fusion_builder_column_inner_3_5 3_5 fusion-three-fifth fusion-column-last\" style=\"width:60%;width:calc(60% - ( ( 4% ) * 0.6 ) );margin-top:0px;margin-bottom:0px;\"><div class=\"fusion-column-wrapper fusion-flex-column-wrapper-legacy\" style=\"background-position:left top;background-repeat:no-repeat;-webkit-background-size:cover;-moz-background-size:cover;-o-background-size:cover;background-size:cover;padding: 0px 0px 0px 0px;\"><div class=\"fusion-clearfix\"><\/div><\/div><\/div>\n<style type=\"text\/css\"><\/style><div class=\"fusion-title title fusion-title-3 fusion-sep-none fusion-title-text fusion-title-size-three\" style=\"margin-top:0px;margin-right:0px;margin-bottom:10px;margin-left:0px;\"><h3 class=\"title-heading-left fusion-responsive-typography-calculated\" style=\"margin:0;--fontSize:20;line-height:1.45;\"><strong>GRAVA DE\u00a0ARENISCA<\/strong><\/h3><\/div><div class=\"fusion-text fusion-text-4\"><p>\u2022 Petrograf\u00eda: gran\u00edtica<br \/>\n\u2022 Granulometr\u00eda: 20\/40\u00a0mm<br \/>\n\u2022 Presentaci\u00f3n: a granel<br \/>\n\u2022 Usos: drenajes, jardiner\u00eda.<\/p>\n<\/div>\n<\/div><div class=\"nav fusion-mobile-tab-nav\"><ul class=\"nav-tabs\" role=\"tablist\"><li role=\"presentation\"><a class=\"tab-link\" data-toggle=\"tab\" role=\"tab\" aria-controls=\"tab-7ecd6d59dd753d79e13\" aria-selected=\"false\" tabindex=\"-1\" id=\"mobile-fusion-tab-saul\u00d3\" href=\"#tab-7ecd6d59dd753d79e13\"><h4 class=\"fusion-tab-heading\">SAUL\u00d3<\/h4><\/a><\/li><\/ul><\/div><div class=\"tab-pane fade fusion-clearfix\" role=\"tabpanel\" tabindex=\"0\" aria-labelledby=\"fusion-tab-saul\u00d3\" id=\"tab-7ecd6d59dd753d79e13\">\n<div class=\"fusion-builder-row fusion-builder-row-inner fusion-row\"><\/div><div class=\"fusion-layout-column fusion_builder_column_inner fusion-builder-nested-column-6 fusion_builder_column_inner_2_5 2_5 fusion-two-fifth fusion-column-first\" style=\"width:40%;width:calc(40% - ( ( 4% ) * 0.4 ) );margin-right: 4%;margin-top:0px;margin-bottom:0px;\"><div class=\"fusion-column-wrapper fusion-flex-column-wrapper-legacy\" style=\"background-position:left top;background-repeat:no-repeat;-webkit-background-size:cover;-moz-background-size:cover;-o-background-size:cover;background-size:cover;padding: 0px 0px 0px 0px;\">\n<span class=\" fusion-imageframe imageframe-none imageframe-4 hover-type-none\"><img decoding=\"async\" width=\"800\" height=\"700\" title=\"04_FARINERA_SAULO_RIPIO_2\" src=\"http:\/\/canpipa.com\/wp-content\/uploads\/2017\/07\/04_FARINERA_SAULO_RIPIO_2.jpg\" alt class=\"img-responsive wp-image-4836\" srcset=\"https:\/\/www.canpipa.com\/wp-content\/uploads\/2017\/07\/04_FARINERA_SAULO_RIPIO_2-200x175.jpg 200w, https:\/\/www.canpipa.com\/wp-content\/uploads\/2017\/07\/04_FARINERA_SAULO_RIPIO_2-400x350.jpg 400w, https:\/\/www.canpipa.com\/wp-content\/uploads\/2017\/07\/04_FARINERA_SAULO_RIPIO_2-600x525.jpg 600w, https:\/\/www.canpipa.com\/wp-content\/uploads\/2017\/07\/04_FARINERA_SAULO_RIPIO_2.jpg 800w\" sizes=\"(max-width: 800px) 100vw, 600px\" \/><\/span>\n<div class=\"fusion-sep-clear\"><\/div><div class=\"fusion-separator fusion-full-width-sep\" style=\"margin-left: auto;margin-right: auto;margin-bottom:20px;width:100%;\"><\/div><div class=\"fusion-sep-clear\"><\/div>\n<div class=\"fusion-clearfix\"><\/div><\/div><\/div><div class=\"fusion-layout-column fusion_builder_column_inner fusion-builder-nested-column-7 fusion_builder_column_inner_3_5 3_5 fusion-three-fifth fusion-column-last\" style=\"width:60%;width:calc(60% - ( ( 4% ) * 0.6 ) );margin-top:0px;margin-bottom:0px;\"><div class=\"fusion-column-wrapper fusion-flex-column-wrapper-legacy\" style=\"background-position:left top;background-repeat:no-repeat;-webkit-background-size:cover;-moz-background-size:cover;-o-background-size:cover;background-size:cover;padding: 0px 0px 0px 0px;\"><div class=\"fusion-clearfix\"><\/div><\/div><\/div>\n<style type=\"text\/css\"><\/style><div class=\"fusion-title title fusion-title-4 fusion-sep-none fusion-title-text fusion-title-size-three\" style=\"margin-top:0px;margin-right:0px;margin-bottom:10px;margin-left:0px;\"><h3 class=\"title-heading-left fusion-responsive-typography-calculated\" style=\"margin:0;--fontSize:20;line-height:1.45;\"><strong>SAUL\u00d3 DE TALL<\/strong><\/h3><\/div><div class=\"fusion-text fusion-text-5\"><p>\u2022 Petrografia: gran\u00edtica<br \/>\n\u2022 Granulometria:<br \/>\n\u2022 Presentaci\u00f3: a granel<br \/>\n\u2022 Usos: terraplens.<\/p>\n<\/div>\n<\/div><div class=\"nav fusion-mobile-tab-nav\"><ul class=\"nav-tabs\" role=\"tablist\"><li role=\"presentation\"><a class=\"tab-link\" data-toggle=\"tab\" role=\"tab\" aria-controls=\"tab-f8941287f309c005187\" aria-selected=\"false\" tabindex=\"-1\" id=\"mobile-fusion-tab-tierrasadobadas\" href=\"#tab-f8941287f309c005187\"><h4 class=\"fusion-tab-heading\">TIERRAS ADOBADAS<\/h4><\/a><\/li><\/ul><\/div><div class=\"tab-pane fade fusion-clearfix\" role=\"tabpanel\" tabindex=\"0\" aria-labelledby=\"fusion-tab-tierrasadobadas\" id=\"tab-f8941287f309c005187\">\n<div class=\"fusion-builder-row fusion-builder-row-inner fusion-row\"><div class=\"fusion-layout-column fusion_builder_column_inner fusion-builder-nested-column-8 fusion_builder_column_inner_2_5 2_5 fusion-two-fifth fusion-column-first\" style=\"width:40%;width:calc(40% - ( ( 4% ) * 0.4 ) );margin-right: 4%;margin-top:0px;margin-bottom:0px;\"><div class=\"fusion-column-wrapper fusion-flex-column-wrapper-legacy\" style=\"background-position:left top;background-repeat:no-repeat;-webkit-background-size:cover;-moz-background-size:cover;-o-background-size:cover;background-size:cover;padding: 0px 0px 0px 0px;\">\n<span class=\" fusion-imageframe imageframe-none imageframe-5 hover-type-none\"><img decoding=\"async\" width=\"800\" height=\"700\" title=\"09_LES_SERRES_ROCA_MES_GRAN_2\" src=\"http:\/\/canpipa.com\/wp-content\/uploads\/2017\/07\/09_LES_SERRES_ROCA_MES_GRAN_2.jpg\" alt class=\"img-responsive wp-image-4838\" srcset=\"https:\/\/www.canpipa.com\/wp-content\/uploads\/2017\/07\/09_LES_SERRES_ROCA_MES_GRAN_2-200x175.jpg 200w, https:\/\/www.canpipa.com\/wp-content\/uploads\/2017\/07\/09_LES_SERRES_ROCA_MES_GRAN_2-400x350.jpg 400w, https:\/\/www.canpipa.com\/wp-content\/uploads\/2017\/07\/09_LES_SERRES_ROCA_MES_GRAN_2-600x525.jpg 600w, https:\/\/www.canpipa.com\/wp-content\/uploads\/2017\/07\/09_LES_SERRES_ROCA_MES_GRAN_2.jpg 800w\" sizes=\"(max-width: 800px) 100vw, 600px\" \/><\/span>\n<div class=\"fusion-sep-clear\"><\/div><div class=\"fusion-separator fusion-full-width-sep\" style=\"margin-left: auto;margin-right: auto;margin-bottom:20px;width:100%;\"><\/div><div class=\"fusion-sep-clear\"><\/div>\n<div class=\"fusion-clearfix\"><\/div><\/div><\/div><div class=\"fusion-layout-column fusion_builder_column_inner fusion-builder-nested-column-9 fusion_builder_column_inner_3_5 3_5 fusion-three-fifth fusion-column-last\" style=\"width:60%;width:calc(60% - ( ( 4% ) * 0.6 ) );margin-top:0px;margin-bottom:0px;\"><div class=\"fusion-column-wrapper fusion-flex-column-wrapper-legacy\" style=\"background-position:left top;background-repeat:no-repeat;-webkit-background-size:cover;-moz-background-size:cover;-o-background-size:cover;background-size:cover;padding: 0px 0px 0px 0px;\">\n<style type=\"text\/css\"><\/style><div class=\"fusion-title title fusion-title-5 fusion-sep-none fusion-title-text fusion-title-size-three\" style=\"margin-top:0px;margin-right:0px;margin-bottom:10px;margin-left:0px;\"><h3 class=\"title-heading-left fusion-responsive-typography-calculated\" style=\"margin:0;--fontSize:20;line-height:1.45;\"><strong>ROMPEOLAS<\/strong><\/h3><\/div><div class=\"fusion-text fusion-text-6\"><p>\u2022 Identificaci\u00f3n: 6.000\/10.000<br \/>\n\u2022 Normas CE que cumplen: EN13381-1:2003<br \/>\n\u2022 Certificaci\u00f3n de control de producci\u00f3n en f\u00e1brica: 0370\/CPR\/2392<br \/>\n\u2022 Petrograf\u00eda:\u00a0caliza<br \/>\n\u2022 Granulometr\u00eda: varias<br \/>\n\u2022 Presentaci\u00f3n: a granel<br \/>\n\u2022 Usos: rompeolas.<\/p>\n<\/div>\n<div class=\"fusion-clearfix\"><\/div><\/div><\/div><\/div>\n<\/div><\/div><\/div><div class=\"fusion-clearfix\"><\/div><\/div><\/div><div class=\"fusion-layout-column fusion_builder_column fusion-builder-column-2 fusion_builder_column_1_1 1_1 fusion-one-full fusion-column-first fusion-column-last mass-intro\" style=\"margin-top:0px;margin-bottom:0px;\"><div class=\"fusion-column-wrapper fusion-flex-column-wrapper-legacy\" style=\"background-position:left top;background-repeat:no-repeat;-webkit-background-size:cover;-moz-background-size:cover;-o-background-size:cover;background-size:cover;padding: 0px 0px 0px 0px;\"><div class=\"fusion-sep-clear\"><\/div><div class=\"fusion-separator fusion-full-width-sep\" style=\"margin-left: auto;margin-right: auto;margin-bottom:150px;width:100%;\"><\/div><div class=\"fusion-sep-clear\"><\/div><div class=\"fusion-clearfix\"><\/div><\/div><\/div><\/div><\/div>\n","protected":false},"excerpt":{"rendered":"","protected":false},"author":1,"featured_media":0,"parent":0,"menu_order":0,"comment_status":"closed","ping_status":"closed","template":"100-width.php","meta":{"om_disable_all_campaigns":false,"_monsterinsights_skip_tracking":false,"_monsterinsights_sitenote_active":false,"_monsterinsights_sitenote_note":"","_monsterinsights_sitenote_category":0,"footnotes":""},"class_list":["post-3992","page","type-page","status-publish","hentry"],"aioseo_notices":[],"_links":{"self":[{"href":"https:\/\/www.canpipa.com\/es\/wp-json\/wp\/v2\/pages\/3992","targetHints":{"allow":["GET"]}}],"collection":[{"href":"https:\/\/www.canpipa.com\/es\/wp-json\/wp\/v2\/pages"}],"about":[{"href":"https:\/\/www.canpipa.com\/es\/wp-json\/wp\/v2\/types\/page"}],"author":[{"embeddable":true,"href":"https:\/\/www.canpipa.com\/es\/wp-json\/wp\/v2\/users\/1"}],"replies":[{"embeddable":true,"href":"https:\/\/www.canpipa.com\/es\/wp-json\/wp\/v2\/comments?post=3992"}],"version-history":[{"count":3,"href":"https:\/\/www.canpipa.com\/es\/wp-json\/wp\/v2\/pages\/3992\/revisions"}],"predecessor-version":[{"id":4011,"href":"https:\/\/www.canpipa.com\/es\/wp-json\/wp\/v2\/pages\/3992\/revisions\/4011"}],"wp:attachment":[{"href":"https:\/\/www.canpipa.com\/es\/wp-json\/wp\/v2\/media?parent=3992"}],"curies":[{"name":"wp","href":"https:\/\/api.w.org\/{rel}","templated":true}]}}